{"id":3123,"date":"2025-05-06T00:37:52","date_gmt":"2025-05-06T00:37:52","guid":{"rendered":"https:\/\/greatvolt.com\/?page_id=3123"},"modified":"2025-09-21T09:31:46","modified_gmt":"2025-09-21T09:31:46","slug":"carrieres","status":"publish","type":"page","link":"https:\/\/greatvolt.com\/fr\/careers\/","title":{"rendered":"Carri\u00e8res"},"content":{"rendered":"<div class=\"fusion-fullwidth fullwidth-box fusion-builder-row-1 fusion-flex-container has-pattern-background has-mask-background hundred-percent-fullwidth non-hundred-percent-height-scrolling\" style=\"--awb-border-radius-top-left:0px;--awb-border-radius-top-right:0px;--awb-border-radius-bottom-right:0px;--awb-border-radius-bottom-left:0px;--awb-padding-top:0px;--awb-padding-bottom:30px;--awb-margin-top:15px;--awb-background-color:var(--awb-color1);--awb-flex-wrap:wrap;\" ><div class=\"fusion-builder-row fusion-row fusion-flex-align-items-center fusion-flex-justify-content-center fusion-flex-content-wrap\" style=\"width:104% !important;max-width:104% !important;margin-left: calc(-4% \/ 2 );margin-right: calc(-4% \/ 2 );\"><div class=\"fusion-layout-column fusion_builder_column fusion-builder-column-0 fusion_builder_column_3_5 3_5 fusion-flex-column\" style=\"--awb-padding-top:50px;--awb-bg-size:cover;--awb-width-large:60%;--awb-margin-top-large:20px;--awb-spacing-right-large:3.2%;--awb-margin-bottom-large:20px;--awb-spacing-left-large:3.2%;--awb-width-medium:100%;--awb-order-medium:0;--awb-spacing-right-medium:1.92%;--awb-spacing-left-medium:1.92%;--awb-width-small:100%;--awb-order-small:0;--awb-spacing-right-small:1.92%;--awb-spacing-left-small:1.92%;\" data-scroll-devices=\"small-visibility,medium-visibility,large-visibility\"><div class=\"fusion-column-wrapper fusion-column-has-shadow fusion-flex-justify-content-flex-start fusion-content-layout-column\"><div class=\"fusion-title title fusion-title-1 fusion-sep-none fusion-title-text fusion-title-size-two\" style=\"--awb-text-color:var(--awb-color4);--awb-margin-top:10px;--awb-margin-bottom:15px;--awb-font-size:22px;\"><h2 class=\"fusion-title-heading title-heading-left fusion-responsive-typography-calculated\" style=\"font-family:&quot;Poppins&quot;;font-style:normal;font-weight:600;margin:0;font-size:1em;letter-spacing:1.01px;text-transform:none;--fontSize:22;--minFontSize:22;line-height:1.18;\">Construit pour durer. Propuls\u00e9 par l'innovation.<\/h2><\/div><div class=\"fusion-text fusion-text-1 fusion-text-no-margin\" style=\"--awb-content-alignment:left;--awb-font-size:15px;--awb-line-height:1.1;--awb-margin-top:0px;--awb-margin-right:5px;--awb-margin-bottom:25px;--awb-margin-left:5px;--awb-text-font-family:&quot;Poppins&quot;;--awb-text-font-style:normal;--awb-text-font-weight:400;\"><p>Chez GreatVolt, nous combinons l'ing\u00e9nierie allemande avec une pens\u00e9e durable pour cr\u00e9er des syst\u00e8mes de batteries de haute performance. Chaque produit est test\u00e9 en termes de s\u00e9curit\u00e9, de durabilit\u00e9 et d'efficacit\u00e9.<\/p>\n<\/div><\/div><\/div><div class=\"fusion-layout-column fusion_builder_column fusion-builder-column-1 fusion_builder_column_1_1 1_1 fusion-flex-column\" style=\"--awb-padding-top:80px;--awb-bg-size:cover;--awb-width-large:100%;--awb-margin-top-large:20px;--awb-spacing-right-large:1.92%;--awb-margin-bottom-large:20px;--awb-spacing-left-large:1.92%;--awb-width-medium:100%;--awb-order-medium:0;--awb-spacing-right-medium:1.92%;--awb-spacing-left-medium:1.92%;--awb-width-small:100%;--awb-order-small:0;--awb-spacing-right-small:1.92%;--awb-spacing-left-small:1.92%;\" data-scroll-devices=\"small-visibility,medium-visibility,large-visibility\"><div class=\"fusion-column-wrapper fusion-column-has-shadow fusion-flex-justify-content-flex-start fusion-content-layout-column\"><div class=\"fusion-title title fusion-title-2 fusion-sep-none fusion-title-center fusion-title-text fusion-title-size-two\" style=\"--awb-text-color:var(--awb-color7);--awb-margin-top:10px;--awb-margin-bottom:15px;--awb-font-size:32px;\"><h2 class=\"fusion-title-heading title-heading-center fusion-responsive-typography-calculated\" style=\"font-family:-apple-system, BlinkMacSystemFont, &#039;Segoe UI&#039;, Roboto, Oxygen-Sans, Ubuntu, Cantarell, &#039;Helvetica Neue&#039; ,sans-serif;font-style:normal;font-weight:700;margin:0;font-size:1em;letter-spacing:1.01px;text-transform:none;--fontSize:32;line-height:1.18;\">Rejoindre notre \u00e9quipe<\/h2><\/div><div class=\"fusion-text fusion-text-2 fusion-text-no-margin\" style=\"--awb-content-alignment:center;--awb-font-size:16px;--awb-line-height:1.1;--awb-margin-top:0px;--awb-margin-right:5px;--awb-margin-bottom:25px;--awb-margin-left:5px;--awb-text-font-family:-apple-system, BlinkMacSystemFont, &#039;Segoe UI&#039;, Roboto, Oxygen-Sans, Ubuntu, Cantarell, &#039;Helvetica Neue&#039; ,sans-serif;--awb-text-font-style:normal;--awb-text-font-weight:400;\"><p><span style=\"font-family: arial, helvetica, sans-serif;\"><span style=\"color: #6eb92b;\">Nous recrutons<\/span> des personnes passionn\u00e9es ayant une expertise dans l'ing\u00e9nierie des batteries, la gestion des produits, la recherche et le d\u00e9veloppement, l'assurance qualit\u00e9,<\/span><br \/>\n<span style=\"font-family: arial, helvetica, sans-serif;\">et la r\u00e9ussite des clients. Si vous \u00eates pr\u00eat \u00e0 conduire le changement et \u00e0 contribuer \u00e0 un avenir plus propre et plus durable, nous serions ravis de vous entendre.<\/span><br \/>\n<span style=\"font-family: arial, helvetica, sans-serif;\">de votre part.<\/span><br \/>\n<span style=\"font-family: arial, helvetica, sans-serif;\">Envoyez votre CV et une br\u00e8ve pr\u00e9sentation par courrier \u00e9lectronique \u00e0 l'adresse suivante <\/span><a href=\"mailto:Support@greatvolt.com\"><span style=\"font-family: arial, helvetica, sans-serif;\">Support@greatvolt.com<\/span><\/a><\/p>\n<\/div><\/div><\/div><\/div><\/div>","protected":false},"excerpt":{"rendered":"","protected":false},"author":1,"featured_media":0,"parent":0,"menu_order":0,"comment_status":"closed","ping_status":"closed","template":"100-width.php","meta":{"_acf_changed":false,"content-type":"","footnotes":""},"class_list":["post-3123","page","type-page","status-publish","hentry"],"acf":[],"_links":{"self":[{"href":"https:\/\/greatvolt.com\/fr\/wp-json\/wp\/v2\/pages\/3123","targetHints":{"allow":["GET"]}}],"collection":[{"href":"https:\/\/greatvolt.com\/fr\/wp-json\/wp\/v2\/pages"}],"about":[{"href":"https:\/\/greatvolt.com\/fr\/wp-json\/wp\/v2\/types\/page"}],"author":[{"embeddable":true,"href":"https:\/\/greatvolt.com\/fr\/wp-json\/wp\/v2\/users\/1"}],"replies":[{"embeddable":true,"href":"https:\/\/greatvolt.com\/fr\/wp-json\/wp\/v2\/comments?post=3123"}],"version-history":[{"count":25,"href":"https:\/\/greatvolt.com\/fr\/wp-json\/wp\/v2\/pages\/3123\/revisions"}],"predecessor-version":[{"id":5423,"href":"https:\/\/greatvolt.com\/fr\/wp-json\/wp\/v2\/pages\/3123\/revisions\/5423"}],"wp:attachment":[{"href":"https:\/\/greatvolt.com\/fr\/wp-json\/wp\/v2\/media?parent=3123"}],"curies":[{"name":"wp","href":"https:\/\/api.w.org\/{rel}","templated":true}]}}