{"id":16,"date":"2025-02-19T15:51:33","date_gmt":"2025-02-19T15:51:33","guid":{"rendered":"https:\/\/greatvolt.com\/cart\/"},"modified":"2025-02-19T15:51:33","modified_gmt":"2025-02-19T15:51:33","slug":"chariot","status":"publish","type":"page","link":"https:\/\/greatvolt.com\/fr\/cart\/","title":{"rendered":"Chariot"},"content":{"rendered":"<div data-block-name=\"woocommerce\/cart\" class=\"wp-block-woocommerce-cart alignwide is-loading\">\n<div data-block-name=\"woocommerce\/filled-cart-block\" class=\"wp-block-woocommerce-filled-cart-block\">\n<div data-block-name=\"woocommerce\/cart-items-block\" class=\"wp-block-woocommerce-cart-items-block\">\n<div data-block-name=\"woocommerce\/cart-line-items-block\" class=\"wp-block-woocommerce-cart-line-items-block\"><\/div>\n\n\n\n<div data-block-name=\"woocommerce\/cart-cross-sells-block\" class=\"wp-block-woocommerce-cart-cross-sells-block\">\n<h2 class=\"wp-block-heading has-large-font-size\">Vous pourriez \u00eatre int\u00e9ress\u00e9 par...<\/h2>\n\n\n\n<div data-block-name=\"woocommerce\/cart-cross-sells-products-block\" class=\"wp-block-woocommerce-cart-cross-sells-products-block\"><\/div>\n<\/div>\n<\/div>\n\n\n\n<div data-block-name=\"woocommerce\/cart-totals-block\" class=\"wp-block-woocommerce-cart-totals-block\">\n<div data-block-name=\"woocommerce\/cart-order-summary-block\" class=\"wp-block-woocommerce-cart-order-summary-block\">\n<div data-block-name=\"woocommerce\/cart-order-summary-heading-block\" class=\"wp-block-woocommerce-cart-order-summary-heading-block\"><\/div><div data-block-name=\"woocommerce\/cart-order-summary-coupon-form-block\" class=\"wp-block-woocommerce-cart-order-summary-coupon-form-block\"><\/div><div data-block-name=\"woocommerce\/cart-order-summary-totals-block\" class=\"wp-block-woocommerce-cart-order-summary-totals-block\">\n<div data-block-name=\"woocommerce\/cart-order-summary-subtotal-block\" class=\"wp-block-woocommerce-cart-order-summary-subtotal-block\"><\/div>\n<div data-block-name=\"woocommerce\/cart-order-summary-discount-block\" class=\"wp-block-woocommerce-cart-order-summary-discount-block\"><\/div>\n<div data-block-name=\"woocommerce\/cart-order-summary-fee-block\" class=\"wp-block-woocommerce-cart-order-summary-fee-block\"><\/div>\n<div data-block-name=\"woocommerce\/cart-order-summary-shipping-block\" class=\"wp-block-woocommerce-cart-order-summary-shipping-block\"><\/div>\n<div data-block-name=\"woocommerce\/cart-order-summary-taxes-block\" class=\"wp-block-woocommerce-cart-order-summary-taxes-block\"><\/div><\/div>\n<\/div>\n\n\n\n<div data-block-name=\"woocommerce\/cart-express-payment-block\" class=\"wp-block-woocommerce-cart-express-payment-block\"><\/div>\n\n\n\n<div data-block-name=\"woocommerce\/proceed-to-checkout-block\" class=\"wp-block-woocommerce-proceed-to-checkout-block\"><\/div>\n<div id=\"ppcp-recaptcha-v2-container\" style=\"margin:20px 0;\"><\/div>\n\n\n<div data-block-name=\"woocommerce\/cart-accepted-payment-methods-block\" class=\"wp-block-woocommerce-cart-accepted-payment-methods-block\"><\/div>\n<\/div>\n<\/div>\n\n\n\n<div data-block-name=\"woocommerce\/empty-cart-block\" class=\"wp-block-woocommerce-empty-cart-block\">\n<h2 class=\"wp-block-heading has-text-align-center with-empty-cart-icon wc-block-cart__empty-cart__title\">Votre panier est actuellement vide !<\/h2>\n\n\n\n<hr class=\"wp-block-separator has-alpha-channel-opacity is-style-dots\"\/>\n\n\n\n<h2 class=\"wp-block-heading has-text-align-center\">Nouveau en magasin<\/h2>\n\n\n<div data-block-name=\"woocommerce\/product-new\" data-columns=\"4\" data-rows=\"1\" class=\"wc-block-grid wp-block-product-new wp-block-woocommerce-product-new wc-block-product-new has-4-columns\"><ul class=\"wc-block-grid__products\"><li class=\"wc-block-grid__product\">\n\t\t\t\t<a href=\"https:\/\/greatvolt.com\/fr\/product\/58-4v-20a-charger-cdq-gv-58-4v20a\/\" class=\"wc-block-grid__product-link\">\n\t\t\t\t\t<div class=\"wc-block-grid__product-onsale\">\n\t\t\t<span aria-hidden=\"true\" data-no-translation=\"\" data-trp-gettext=\"\">Promo<\/span>\n\t\t\t<span class=\"screen-reader-text\" data-no-translation=\"\" data-trp-gettext=\"\">Produit en promotion<\/span>\n\t\t<\/div>\n\t\t\t\t\t<div class=\"wc-block-grid__product-image\"><img decoding=\"async\" width=\"500\" height=\"500\" src=\"https:\/\/greatvolt.com\/wp-content\/uploads\/2025\/09\/1-500x500.png\" class=\"attachment-woocommerce_thumbnail size-woocommerce_thumbnail lazyload\" alt=\"58.4V Chargeur 20A pour batteries LiFePO4 58.4V\" srcset=\"data:image\/svg+xml,%3Csvg%20xmlns%3D%27http%3A%2F%2Fwww.w3.org%2F2000%2Fsvg%27%20width%3D%27900%27%20height%3D%27900%27%20viewBox%3D%270%200%20900%20900%27%3E%3Crect%20width%3D%27900%27%20height%3D%27900%27%20fill-opacity%3D%220%22%2F%3E%3C%2Fsvg%3E\" data-orig-src=\"https:\/\/greatvolt.com\/wp-content\/uploads\/2025\/09\/1-500x500.png\" data-srcset=\"https:\/\/greatvolt.com\/wp-content\/uploads\/2025\/09\/1-12x12.png 12w, https:\/\/greatvolt.com\/wp-content\/uploads\/2025\/09\/1-50x50.png 50w, https:\/\/greatvolt.com\/wp-content\/uploads\/2025\/09\/1-66x66.png 66w, https:\/\/greatvolt.com\/wp-content\/uploads\/2025\/09\/1-100x100.png 100w, https:\/\/greatvolt.com\/wp-content\/uploads\/2025\/09\/1-150x150.png 150w, https:\/\/greatvolt.com\/wp-content\/uploads\/2025\/09\/1-200x200.png 200w, https:\/\/greatvolt.com\/wp-content\/uploads\/2025\/09\/1-300x300.png 300w, https:\/\/greatvolt.com\/wp-content\/uploads\/2025\/09\/1-400x400.png 400w, https:\/\/greatvolt.com\/wp-content\/uploads\/2025\/09\/1-460x460.png 460w, https:\/\/greatvolt.com\/wp-content\/uploads\/2025\/09\/1-500x500.png 500w, https:\/\/greatvolt.com\/wp-content\/uploads\/2025\/09\/1-600x600.png 600w, https:\/\/greatvolt.com\/wp-content\/uploads\/2025\/09\/1-700x700.png 700w, https:\/\/greatvolt.com\/wp-content\/uploads\/2025\/09\/1-768x768.png 768w, https:\/\/greatvolt.com\/wp-content\/uploads\/2025\/09\/1-800x800.png 800w, https:\/\/greatvolt.com\/wp-content\/uploads\/2025\/09\/1.png 900w\" data-sizes=\"auto\" \/><\/div>\n\t\t\t\t\t<div class=\"wc-block-grid__product-title\">58.4V Chargeur 20A pour batteries LiFePO4 58.4V<\/div>\n\t\t\t\t<\/a>\n\t\t\t\t<div class=\"wc-block-grid__product-price price\"><span class=\"wcpbc-price wcpbc-price-5109\" data-product-id=\"5109\"><del aria-hidden=\"true\"><span class=\"woocommerce-Price-amount amount\"><span class=\"woocommerce-Price-currencySymbol\">US$<\/span>290.00<\/span><\/del> <span class=\"screen-reader-text\" data-no-translation=\"\" data-trp-gettext=\"\">Le prix original \u00e9tait : US&#036;290.00.<\/span><ins aria-hidden=\"true\"><span class=\"woocommerce-Price-amount amount\"><span class=\"woocommerce-Price-currencySymbol\">US$<\/span>203.00<\/span><\/ins><span class=\"screen-reader-text\" data-no-translation=\"\" data-trp-gettext=\"\">Le prix actuel est : US&#036;203.00.<\/span><\/span><\/div>\n\t\t\t\t\n\t\t\t\t<div class=\"wp-block-button wc-block-grid__product-add-to-cart\"><a href=\"\/fr\/wp-json\/wp\/v2\/pages\/16?add-to-cart=5109\" aria-label=\"Ajouter au panier\u00a0: \u201c58.4V 20A Charger for 58.4V LiFePO4 Batteries\u201d\" data-quantity=\"1\" data-product_id=\"5109\" data-product_sku=\"CDQ-GV-58.4V20A\" data-price=\"203\" rel=\"nofollow\" class=\"wp-block-button__link  add_to_cart_button ajax_add_to_cart\" data-no-translation=\"\" data-trp-gettext=\"\" data-no-translation-aria-label=\"\">Ajouter au panier<\/a><\/div>\n\t\t\t<\/li><li class=\"wc-block-grid__product\">\n\t\t\t\t<a href=\"https:\/\/greatvolt.com\/fr\/product\/29-2v-20a-charger-cdq-gv-29-2v20a\/\" class=\"wc-block-grid__product-link\">\n\t\t\t\t\t<div class=\"wc-block-grid__product-onsale\">\n\t\t\t<span aria-hidden=\"true\" data-no-translation=\"\" data-trp-gettext=\"\">Promo<\/span>\n\t\t\t<span class=\"screen-reader-text\" data-no-translation=\"\" data-trp-gettext=\"\">Produit en promotion<\/span>\n\t\t<\/div>\n\t\t\t\t\t<div class=\"wc-block-grid__product-image\"><img decoding=\"async\" width=\"500\" height=\"500\" src=\"https:\/\/greatvolt.com\/wp-content\/uploads\/2025\/08\/14.6V-10A-EU-Charger1-500x500.png\" class=\"attachment-woocommerce_thumbnail size-woocommerce_thumbnail lazyload\" alt=\"Chargeur 14.6V 20A\" srcset=\"data:image\/svg+xml,%3Csvg%20xmlns%3D%27http%3A%2F%2Fwww.w3.org%2F2000%2Fsvg%27%20width%3D%27900%27%20height%3D%27900%27%20viewBox%3D%270%200%20900%20900%27%3E%3Crect%20width%3D%27900%27%20height%3D%27900%27%20fill-opacity%3D%220%22%2F%3E%3C%2Fsvg%3E\" data-orig-src=\"https:\/\/greatvolt.com\/wp-content\/uploads\/2025\/08\/14.6V-10A-EU-Charger1-500x500.png\" data-srcset=\"https:\/\/greatvolt.com\/wp-content\/uploads\/2025\/08\/14.6V-10A-EU-Charger1-12x12.png 12w, https:\/\/greatvolt.com\/wp-content\/uploads\/2025\/08\/14.6V-10A-EU-Charger1-50x50.png 50w, https:\/\/greatvolt.com\/wp-content\/uploads\/2025\/08\/14.6V-10A-EU-Charger1-66x66.png 66w, https:\/\/greatvolt.com\/wp-content\/uploads\/2025\/08\/14.6V-10A-EU-Charger1-100x100.png 100w, https:\/\/greatvolt.com\/wp-content\/uploads\/2025\/08\/14.6V-10A-EU-Charger1-150x150.png 150w, https:\/\/greatvolt.com\/wp-content\/uploads\/2025\/08\/14.6V-10A-EU-Charger1-200x200.png 200w, https:\/\/greatvolt.com\/wp-content\/uploads\/2025\/08\/14.6V-10A-EU-Charger1-300x300.png 300w, https:\/\/greatvolt.com\/wp-content\/uploads\/2025\/08\/14.6V-10A-EU-Charger1-400x400.png 400w, https:\/\/greatvolt.com\/wp-content\/uploads\/2025\/08\/14.6V-10A-EU-Charger1-460x460.png 460w, https:\/\/greatvolt.com\/wp-content\/uploads\/2025\/08\/14.6V-10A-EU-Charger1-500x500.png 500w, https:\/\/greatvolt.com\/wp-content\/uploads\/2025\/08\/14.6V-10A-EU-Charger1-600x600.png 600w, https:\/\/greatvolt.com\/wp-content\/uploads\/2025\/08\/14.6V-10A-EU-Charger1-700x700.png 700w, https:\/\/greatvolt.com\/wp-content\/uploads\/2025\/08\/14.6V-10A-EU-Charger1-768x768.png 768w, https:\/\/greatvolt.com\/wp-content\/uploads\/2025\/08\/14.6V-10A-EU-Charger1-800x800.png 800w, https:\/\/greatvolt.com\/wp-content\/uploads\/2025\/08\/14.6V-10A-EU-Charger1.png 900w\" data-sizes=\"auto\" \/><\/div>\n\t\t\t\t\t<div class=\"wc-block-grid__product-title\">Chargeur 29.2V 20A pour batteries LiFePO4 25.6V<\/div>\n\t\t\t\t<\/a>\n\t\t\t\t<div class=\"wc-block-grid__product-price price\"><span class=\"wcpbc-price wcpbc-price-4960\" data-product-id=\"4960\"><del aria-hidden=\"true\"><span class=\"woocommerce-Price-amount amount\"><span class=\"woocommerce-Price-currencySymbol\">US$<\/span>230.00<\/span><\/del> <span class=\"screen-reader-text\" data-no-translation=\"\" data-trp-gettext=\"\">Le prix original \u00e9tait : US&#036;230.00.<\/span><ins aria-hidden=\"true\"><span class=\"woocommerce-Price-amount amount\"><span class=\"woocommerce-Price-currencySymbol\">US$<\/span>170.00<\/span><\/ins><span class=\"screen-reader-text\" data-no-translation=\"\" data-trp-gettext=\"\">Le prix actuel est : US&#036;170.00.<\/span><\/span><\/div>\n\t\t\t\t\n\t\t\t\t<div class=\"wp-block-button wc-block-grid__product-add-to-cart\"><a href=\"\/fr\/wp-json\/wp\/v2\/pages\/16?add-to-cart=4960\" aria-label=\"Ajouter au panier\u00a0: \u201c29.2V 20A Charger for 25.6V LiFePO4 Batteries\u201d\" data-quantity=\"1\" data-product_id=\"4960\" data-product_sku=\"CDQ-GV-29.2V20A\" data-price=\"170\" rel=\"nofollow\" class=\"wp-block-button__link  add_to_cart_button ajax_add_to_cart\" data-no-translation=\"\" data-trp-gettext=\"\" data-no-translation-aria-label=\"\">Ajouter au panier<\/a><\/div>\n\t\t\t<\/li><li class=\"wc-block-grid__product\">\n\t\t\t\t<a href=\"https:\/\/greatvolt.com\/fr\/product\/29-2v-10a-charger-cdq-gv-29-2v10a\/\" class=\"wc-block-grid__product-link\">\n\t\t\t\t\t<div class=\"wc-block-grid__product-onsale\">\n\t\t\t<span aria-hidden=\"true\" data-no-translation=\"\" data-trp-gettext=\"\">Promo<\/span>\n\t\t\t<span class=\"screen-reader-text\" data-no-translation=\"\" data-trp-gettext=\"\">Produit en promotion<\/span>\n\t\t<\/div>\n\t\t\t\t\t<div class=\"wc-block-grid__product-image\"><img decoding=\"async\" width=\"500\" height=\"500\" src=\"https:\/\/greatvolt.com\/wp-content\/uploads\/2025\/08\/14.6V-10A-EU-Charger1-500x500.png\" class=\"attachment-woocommerce_thumbnail size-woocommerce_thumbnail lazyload\" alt=\"Chargeur 14.6V 20A\" srcset=\"data:image\/svg+xml,%3Csvg%20xmlns%3D%27http%3A%2F%2Fwww.w3.org%2F2000%2Fsvg%27%20width%3D%27900%27%20height%3D%27900%27%20viewBox%3D%270%200%20900%20900%27%3E%3Crect%20width%3D%27900%27%20height%3D%27900%27%20fill-opacity%3D%220%22%2F%3E%3C%2Fsvg%3E\" data-orig-src=\"https:\/\/greatvolt.com\/wp-content\/uploads\/2025\/08\/14.6V-10A-EU-Charger1-500x500.png\" data-srcset=\"https:\/\/greatvolt.com\/wp-content\/uploads\/2025\/08\/14.6V-10A-EU-Charger1-12x12.png 12w, https:\/\/greatvolt.com\/wp-content\/uploads\/2025\/08\/14.6V-10A-EU-Charger1-50x50.png 50w, https:\/\/greatvolt.com\/wp-content\/uploads\/2025\/08\/14.6V-10A-EU-Charger1-66x66.png 66w, https:\/\/greatvolt.com\/wp-content\/uploads\/2025\/08\/14.6V-10A-EU-Charger1-100x100.png 100w, https:\/\/greatvolt.com\/wp-content\/uploads\/2025\/08\/14.6V-10A-EU-Charger1-150x150.png 150w, https:\/\/greatvolt.com\/wp-content\/uploads\/2025\/08\/14.6V-10A-EU-Charger1-200x200.png 200w, https:\/\/greatvolt.com\/wp-content\/uploads\/2025\/08\/14.6V-10A-EU-Charger1-300x300.png 300w, https:\/\/greatvolt.com\/wp-content\/uploads\/2025\/08\/14.6V-10A-EU-Charger1-400x400.png 400w, https:\/\/greatvolt.com\/wp-content\/uploads\/2025\/08\/14.6V-10A-EU-Charger1-460x460.png 460w, https:\/\/greatvolt.com\/wp-content\/uploads\/2025\/08\/14.6V-10A-EU-Charger1-500x500.png 500w, https:\/\/greatvolt.com\/wp-content\/uploads\/2025\/08\/14.6V-10A-EU-Charger1-600x600.png 600w, https:\/\/greatvolt.com\/wp-content\/uploads\/2025\/08\/14.6V-10A-EU-Charger1-700x700.png 700w, https:\/\/greatvolt.com\/wp-content\/uploads\/2025\/08\/14.6V-10A-EU-Charger1-768x768.png 768w, https:\/\/greatvolt.com\/wp-content\/uploads\/2025\/08\/14.6V-10A-EU-Charger1-800x800.png 800w, https:\/\/greatvolt.com\/wp-content\/uploads\/2025\/08\/14.6V-10A-EU-Charger1.png 900w\" data-sizes=\"auto\" \/><\/div>\n\t\t\t\t\t<div class=\"wc-block-grid__product-title\">Chargeur 29.2V 10A pour batteries LiFePO4 25.6V<\/div>\n\t\t\t\t<\/a>\n\t\t\t\t<div class=\"wc-block-grid__product-price price\"><span class=\"wcpbc-price wcpbc-price-4955\" data-product-id=\"4955\"><del aria-hidden=\"true\"><span class=\"woocommerce-Price-amount amount\"><span class=\"woocommerce-Price-currencySymbol\">US$<\/span>160.00<\/span><\/del> <span class=\"screen-reader-text\" data-no-translation=\"\" data-trp-gettext=\"\">Le prix original \u00e9tait : US&#036;160.00.<\/span><ins aria-hidden=\"true\"><span class=\"woocommerce-Price-amount amount\"><span class=\"woocommerce-Price-currencySymbol\">US$<\/span>120.00<\/span><\/ins><span class=\"screen-reader-text\" data-no-translation=\"\" data-trp-gettext=\"\">Le prix actuel est : US&#036;120.00.<\/span><\/span><\/div>\n\t\t\t\t\n\t\t\t\t<div class=\"wp-block-button wc-block-grid__product-add-to-cart\"><a href=\"\/fr\/wp-json\/wp\/v2\/pages\/16?add-to-cart=4955\" aria-label=\"Ajouter au panier\u00a0: \u201c29.2V 10A Charger for 25.6V LiFePO4 Batteries\u201d\" data-quantity=\"1\" data-product_id=\"4955\" data-product_sku=\"CDQ-GV-29.2V10A\" data-price=\"120\" rel=\"nofollow\" class=\"wp-block-button__link  add_to_cart_button ajax_add_to_cart\" data-no-translation=\"\" data-trp-gettext=\"\" data-no-translation-aria-label=\"\">Ajouter au panier<\/a><\/div>\n\t\t\t<\/li><li class=\"wc-block-grid__product\">\n\t\t\t\t<a href=\"https:\/\/greatvolt.com\/fr\/product\/14-6v-20a-charger-cdq-gv-14-6v10a\/\" class=\"wc-block-grid__product-link\">\n\t\t\t\t\t<div class=\"wc-block-grid__product-onsale\">\n\t\t\t<span aria-hidden=\"true\" data-no-translation=\"\" data-trp-gettext=\"\">Promo<\/span>\n\t\t\t<span class=\"screen-reader-text\" data-no-translation=\"\" data-trp-gettext=\"\">Produit en promotion<\/span>\n\t\t<\/div>\n\t\t\t\t\t<div class=\"wc-block-grid__product-image\"><img decoding=\"async\" width=\"500\" height=\"500\" src=\"https:\/\/greatvolt.com\/wp-content\/uploads\/2025\/08\/14.6V-10A-EU-Charger1-500x500.png\" class=\"attachment-woocommerce_thumbnail size-woocommerce_thumbnail lazyload\" alt=\"Chargeur 14.6V 20A\" srcset=\"data:image\/svg+xml,%3Csvg%20xmlns%3D%27http%3A%2F%2Fwww.w3.org%2F2000%2Fsvg%27%20width%3D%27900%27%20height%3D%27900%27%20viewBox%3D%270%200%20900%20900%27%3E%3Crect%20width%3D%27900%27%20height%3D%27900%27%20fill-opacity%3D%220%22%2F%3E%3C%2Fsvg%3E\" data-orig-src=\"https:\/\/greatvolt.com\/wp-content\/uploads\/2025\/08\/14.6V-10A-EU-Charger1-500x500.png\" data-srcset=\"https:\/\/greatvolt.com\/wp-content\/uploads\/2025\/08\/14.6V-10A-EU-Charger1-12x12.png 12w, https:\/\/greatvolt.com\/wp-content\/uploads\/2025\/08\/14.6V-10A-EU-Charger1-50x50.png 50w, https:\/\/greatvolt.com\/wp-content\/uploads\/2025\/08\/14.6V-10A-EU-Charger1-66x66.png 66w, https:\/\/greatvolt.com\/wp-content\/uploads\/2025\/08\/14.6V-10A-EU-Charger1-100x100.png 100w, https:\/\/greatvolt.com\/wp-content\/uploads\/2025\/08\/14.6V-10A-EU-Charger1-150x150.png 150w, https:\/\/greatvolt.com\/wp-content\/uploads\/2025\/08\/14.6V-10A-EU-Charger1-200x200.png 200w, https:\/\/greatvolt.com\/wp-content\/uploads\/2025\/08\/14.6V-10A-EU-Charger1-300x300.png 300w, https:\/\/greatvolt.com\/wp-content\/uploads\/2025\/08\/14.6V-10A-EU-Charger1-400x400.png 400w, https:\/\/greatvolt.com\/wp-content\/uploads\/2025\/08\/14.6V-10A-EU-Charger1-460x460.png 460w, https:\/\/greatvolt.com\/wp-content\/uploads\/2025\/08\/14.6V-10A-EU-Charger1-500x500.png 500w, https:\/\/greatvolt.com\/wp-content\/uploads\/2025\/08\/14.6V-10A-EU-Charger1-600x600.png 600w, https:\/\/greatvolt.com\/wp-content\/uploads\/2025\/08\/14.6V-10A-EU-Charger1-700x700.png 700w, https:\/\/greatvolt.com\/wp-content\/uploads\/2025\/08\/14.6V-10A-EU-Charger1-768x768.png 768w, https:\/\/greatvolt.com\/wp-content\/uploads\/2025\/08\/14.6V-10A-EU-Charger1-800x800.png 800w, https:\/\/greatvolt.com\/wp-content\/uploads\/2025\/08\/14.6V-10A-EU-Charger1.png 900w\" data-sizes=\"auto\" \/><\/div>\n\t\t\t\t\t<div class=\"wc-block-grid__product-title\">Chargeur 14.6V 20A pour batteries LiFePO4 12.8V<\/div>\n\t\t\t\t<\/a>\n\t\t\t\t<div class=\"wc-block-grid__product-price price\"><span class=\"wcpbc-price wcpbc-price-4952\" data-product-id=\"4952\"><del aria-hidden=\"true\"><span class=\"woocommerce-Price-amount amount\"><span class=\"woocommerce-Price-currencySymbol\">US$<\/span>160.00<\/span><\/del> <span class=\"screen-reader-text\" data-no-translation=\"\" data-trp-gettext=\"\">Le prix original \u00e9tait : US&#036;160.00.<\/span><ins aria-hidden=\"true\"><span class=\"woocommerce-Price-amount amount\"><span class=\"woocommerce-Price-currencySymbol\">US$<\/span>120.00<\/span><\/ins><span class=\"screen-reader-text\" data-no-translation=\"\" data-trp-gettext=\"\">Le prix actuel est : US&#036;120.00.<\/span><\/span><\/div>\n\t\t\t\t\n\t\t\t\t<div class=\"wp-block-button wc-block-grid__product-add-to-cart\"><a href=\"\/fr\/wp-json\/wp\/v2\/pages\/16?add-to-cart=4952\" aria-label=\"Ajouter au panier\u00a0: \u201c14.6V 20A Charger for 12.8V LiFePO4 Batteries\u201d\" data-quantity=\"1\" data-product_id=\"4952\" data-product_sku=\"CDQ-GV-14.6V20A\" data-price=\"120\" rel=\"nofollow\" class=\"wp-block-button__link  add_to_cart_button ajax_add_to_cart\" data-no-translation=\"\" data-trp-gettext=\"\" data-no-translation-aria-label=\"\">Ajouter au panier<\/a><\/div>\n\t\t\t<\/li><\/ul><\/div><\/div>\n<\/div>","protected":false},"excerpt":{"rendered":"","protected":false},"author":1,"featured_media":0,"parent":0,"menu_order":0,"comment_status":"closed","ping_status":"closed","template":"","meta":{"_acf_changed":false,"content-type":"","footnotes":""},"class_list":["post-16","page","type-page","status-publish","hentry"],"acf":[],"_links":{"self":[{"href":"https:\/\/greatvolt.com\/fr\/wp-json\/wp\/v2\/pages\/16","targetHints":{"allow":["GET"]}}],"collection":[{"href":"https:\/\/greatvolt.com\/fr\/wp-json\/wp\/v2\/pages"}],"about":[{"href":"https:\/\/greatvolt.com\/fr\/wp-json\/wp\/v2\/types\/page"}],"author":[{"embeddable":true,"href":"https:\/\/greatvolt.com\/fr\/wp-json\/wp\/v2\/users\/1"}],"replies":[{"embeddable":true,"href":"https:\/\/greatvolt.com\/fr\/wp-json\/wp\/v2\/comments?post=16"}],"version-history":[{"count":0,"href":"https:\/\/greatvolt.com\/fr\/wp-json\/wp\/v2\/pages\/16\/revisions"}],"wp:attachment":[{"href":"https:\/\/greatvolt.com\/fr\/wp-json\/wp\/v2\/media?parent=16"}],"curies":[{"name":"wp","href":"https:\/\/api.w.org\/{rel}","templated":true}]}}