{"id":5,"date":"2025-02-15T03:41:57","date_gmt":"2025-02-15T03:41:57","guid":{"rendered":"https:\/\/greatvolt.com\/products\/"},"modified":"2025-04-09T08:51:47","modified_gmt":"2025-04-09T08:51:47","slug":"anmeldung","status":"publish","type":"page","link":"https:\/\/greatvolt.com\/de\/application\/","title":{"rendered":"Nach Anwendung"},"content":{"rendered":"<div class=\"wp-block-group alignfull hostinger-ai-our-projects-4 hostinger-ai-fade-up\"><div class=\"wp-block-group__inner-container is-layout-constrained wp-block-group-is-layout-constrained\">\r\n    <div class=\"wp-block-group alignwide hostinger-ai-fade-up is-content-justification-left\"><div class=\"wp-block-group__inner-container is-layout-constrained wp-container-core-group-is-layout-8c890d92 wp-block-group-is-layout-constrained\">\r\n        <h2 class=\"wp-block-heading is-style-default hostinger-ai-title has-dark-color has-text-color has-link-color has-x-large-font-size wp-elements-d94fe41100fe66f3eb07e0b5e9a20626\" style=\"margin-bottom:var(--wp--preset--spacing--50)\">Innovative Stromversorgungsl\u00f6sungen<\/h2>\r\n        \r\n\r\n        \r\n        <div class=\"wp-block-columns alignwide is-layout-flex wp-container-core-columns-is-layout-9d6595d7 wp-block-columns-is-layout-flex\">\r\n            <div class=\"wp-block-column is-layout-flow wp-block-column-is-layout-flow\" style=\"flex-basis:50%\">\r\n                <div class=\"wp-block-group hostinger-ai-fade-up\" style=\"padding-top:0;padding-right:var(--wp--preset--spacing--20);padding-bottom:0;padding-left:var(--wp--preset--spacing--20)\"><div class=\"wp-block-group__inner-container is-layout-constrained wp-container-core-group-is-layout-5c16083f wp-block-group-is-layout-constrained\">\r\n                    <figure class=\"wp-block-image size-full has-custom-border hostinger-ai-project-image hostinger-index-6\"><img decoding=\"async\" src=\"data:image\/gif;base64,R0lGODlhAQABAAAAACH5BAEKAAEALAAAAAABAAEAAAICTAEAOw==\" data-orig-src=\"https:\/\/images.unsplash.com\/photo-1676337167752-2062c6ca7366?q=85&amp;w=500&amp;h=500&amp;fit=crop\" alt=\"\" class=\"lazyload wp-image-629\" style=\"border-radius:8px\"><\/figure>\r\n                    \r\n\r\n                    \r\n                    <p class=\"has-text-align-left hostinger-ai-project-title hostinger-ai-font-bold has-dark-color has-text-color has-link-color has-medium-font-size wp-elements-38b708c77eefdb0b0d4d078e95d5239f\" style=\"margin-top:var(--wp--preset--spacing--40)\">Zuverl\u00e4ssige Energiespeicherung<\/p>\r\n                    \r\n\r\n                    \r\n                    <p class=\"has-text-align-left hostinger-ai-project-description has-dark-color has-text-color has-link-color has-medium-font-size wp-elements-c4171dfb02a6f3fe273dc05e22af3b6d\" style=\"margin-top:var(--wp--preset--spacing--40);padding-right:var(--wp--preset--spacing--60)\">Wir bei GreatVolt haben uns auf fortschrittliche Batterietechnologien spezialisiert, die die Leistung und Langlebigkeit verbessern und sicherstellen, dass Ihr Energiebedarf mit h\u00f6chster Zuverl\u00e4ssigkeit und Effizienz f\u00fcr verschiedene Anwendungen gedeckt wird.<\/p>\r\n                    <\/div><\/div>\r\n                <\/div>\r\n            \r\n\r\n            \r\n            <div class=\"wp-block-column is-layout-flow wp-block-column-is-layout-flow\" style=\"flex-basis:50%\">\r\n                <div class=\"wp-block-group project-item hostinger-ai-fade-up\" style=\"padding-top:var(--wp--preset--spacing--80);padding-right:var(--wp--preset--spacing--20);padding-left:var(--wp--preset--spacing--20)\"><div class=\"wp-block-group__inner-container is-layout-constrained wp-container-core-group-is-layout-df65cac3 wp-block-group-is-layout-constrained\">\r\n                    <figure class=\"wp-block-image size-full has-custom-border hostinger-ai-project-image hostinger-index-7\"><img decoding=\"async\" src=\"data:image\/gif;base64,R0lGODlhAQABAAAAACH5BAEKAAEALAAAAAABAAEAAAICTAEAOw==\" data-orig-src=\"https:\/\/images.unsplash.com\/photo-1680591483838-67a3fe473b93?q=85&amp;w=500&amp;h=550&amp;fit=crop\" alt=\"\" class=\"lazyload wp-image-630\" style=\"border-radius:8px\"><\/figure>\r\n                    \r\n\r\n                    \r\n                    <p class=\"has-text-align-left hostinger-ai-project-title hostinger-index-1 hostinger-ai-font-bold has-dark-color has-text-color has-link-color has-medium-font-size wp-elements-00a2d3b74d271211aabe712e36e05d60\" style=\"margin-top:var(--wp--preset--spacing--40)\">Effiziente Energiesysteme<\/p>\r\n                    \r\n\r\n                    \r\n                    <p class=\"hostinger-ai-project-description hostinger-index-1 has-dark-color has-text-color has-link-color has-medium-font-size wp-elements-377b9b46c2a18c6887ff8b15264b8edc\" style=\"margin-top:var(--wp--preset--spacing--40);padding-right:var(--wp--preset--spacing--60)\">Unsere hochmodernen Batteriel\u00f6sungen garantieren ein optimales Energiemanagement und bieten Unternehmen die M\u00f6glichkeit, nachhaltige Praktiken zu nutzen und gleichzeitig eine hohe Leistung in ihren Betrieben und Projekten zu erzielen.<\/p>\r\n                    <\/div><\/div>\r\n                <\/div>\r\n            <\/div>\r\n        \r\n\r\n        \r\n        <div class=\"wp-block-columns alignwide project-column is-layout-flex wp-container-core-columns-is-layout-12d93fc6 wp-block-columns-is-layout-flex\" style=\"margin-top:-40px\">\r\n            <div class=\"wp-block-column is-layout-flow wp-block-column-is-layout-flow\" style=\"flex-basis:50%\">\r\n                <div class=\"wp-block-group hostinger-ai-fade-up\" style=\"padding-top:0;padding-right:var(--wp--preset--spacing--20);padding-bottom:0;padding-left:var(--wp--preset--spacing--20)\"><div class=\"wp-block-group__inner-container is-layout-constrained wp-container-core-group-is-layout-5c16083f wp-block-group-is-layout-constrained\">\r\n                    <figure class=\"wp-block-image size-full has-custom-border hostinger-ai-project-image hostinger-index-8\"><img decoding=\"async\" src=\"data:image\/gif;base64,R0lGODlhAQABAAAAACH5BAEKAAEALAAAAAABAAEAAAICTAEAOw==\" data-orig-src=\"https:\/\/images.unsplash.com\/photo-1662079703557-81fd59283189?q=85&amp;w=500&amp;h=500&amp;fit=crop\" alt=\"\" class=\"lazyload wp-image-629\" style=\"border-radius:8px\"><\/figure>\r\n                    \r\n\r\n                    \r\n                    <p class=\"has-text-align-left hostinger-ai-project-title hostinger-index-2 hostinger-ai-font-bold has-dark-color has-text-color has-link-color has-medium-font-size wp-elements-6b1519e4d142bb119accabe8e7149054\" style=\"margin-top:var(--wp--preset--spacing--40)\">Nachhaltige Batteriel\u00f6sungen<\/p>\r\n                    \r\n\r\n                    \r\n                    <p class=\"has-text-align-left hostinger-ai-project-description hostinger-index-2 has-dark-color has-text-color has-link-color has-medium-font-size wp-elements-2a3db1205a49fdd2021983c313bd2f0d\" style=\"margin-top:var(--wp--preset--spacing--40);padding-right:var(--wp--preset--spacing--60)\">Dank des Engagements von GreatVolt f\u00fcr Nachhaltigkeit bieten unsere Batterien nicht nur eine au\u00dfergew\u00f6hnliche Energieleistung, sondern entsprechen auch umweltfreundlichen Praktiken, die die gr\u00fcnen Initiativen Ihres Unternehmens unterst\u00fctzen und die Umweltbelastung reduzieren.<\/p>\r\n                    <\/div><\/div>\r\n                <\/div>\r\n            \r\n\r\n            \r\n            <div class=\"wp-block-column is-layout-flow wp-block-column-is-layout-flow\" style=\"flex-basis:50%\">\r\n                <div class=\"wp-block-group project-item hostinger-ai-fade-up\" style=\"padding-top:var(--wp--preset--spacing--80);padding-right:var(--wp--preset--spacing--20);padding-left:var(--wp--preset--spacing--20)\"><div class=\"wp-block-group__inner-container is-layout-constrained wp-container-core-group-is-layout-df65cac3 wp-block-group-is-layout-constrained\">\r\n                    <figure class=\"wp-block-image size-full has-custom-border hostinger-ai-project-image hostinger-index-9\"><img decoding=\"async\" src=\"data:image\/gif;base64,R0lGODlhAQABAAAAACH5BAEKAAEALAAAAAABAAEAAAICTAEAOw==\" data-orig-src=\"https:\/\/images.unsplash.com\/photo-1696321519098-f4d4fba70d2d?q=85&amp;w=500&amp;h=550&amp;fit=crop\" alt=\"\" class=\"lazyload wp-image-630\" style=\"border-radius:8px\"><\/figure>\r\n                    \r\n\r\n                    \r\n                    <p class=\"has-text-align-left hostinger-ai-project-title hostinger-index-1 hostinger-ai-font-bold hostinger-index-3 has-dark-color has-text-color has-link-color has-medium-font-size wp-elements-3dc268dbf4e1dfa5bec08ce3a6f0b702\" style=\"margin-top:var(--wp--preset--spacing--40)\">Effiziente Energiesysteme<\/p>\r\n                    \r\n\r\n                    \r\n                    <p class=\"hostinger-ai-project-description hostinger-index-3 has-dark-color has-text-color has-link-color has-medium-font-size wp-elements-580abbd9f6bb4e199b83328804d8ebc6\" style=\"margin-top:var(--wp--preset--spacing--40);padding-right:var(--wp--preset--spacing--60)\">Die Hochleistungsbatterien von GreatVolt wurden f\u00fcr eine Vielzahl von Gesch\u00e4ftsanwendungen entwickelt und bieten Energiel\u00f6sungen, die langlebig und vielseitig sind und f\u00fcr einen effizienten Betrieb unter anspruchsvollen Bedingungen ausgelegt sind.<\/p>\r\n                    <\/div><\/div>\r\n                <\/div>\r\n            <\/div>\r\n        <\/div><\/div>\r\n    <\/div><\/div>\r\n<div class=\"wp-block-group alignfull hostinger-ai-gallery-1 hostinger-ai-fade-up\"><div class=\"wp-block-group__inner-container is-layout-flow wp-block-group-is-layout-flow\">\r\n    <div class=\"wp-block-group alignwide hostinger-ai-fade-up\" style=\"padding-top:var(--wp--preset--spacing--60);padding-bottom:var(--wp--preset--spacing--60)\"><div class=\"wp-block-group__inner-container is-layout-constrained wp-block-group-is-layout-constrained\">\r\n        <h2 class=\"wp-block-heading has-text-align-center hostinger-ai-title has-dark-color has-text-color has-link-color has-x-large-font-size wp-elements-407492bf32cdd04ce2654d7bf1fc813f\" style=\"margin-top:0;margin-right:0;margin-bottom:var(--wp--preset--spacing--20);margin-left:0\">Premium-Batterien<\/h2>\r\n        \r\n\r\n        \r\n        <p class=\"has-text-align-center hostinger-ai-description has-dark-color has-text-color has-link-color has-medium-font-size wp-elements-d890688c6c3d0f60dc76e7c905440e12\" style=\"margin-top:0;margin-bottom:0\">Entdecken Sie die qualitativ hochwertigen Batterien von GreatVolt, die f\u00fcr au\u00dfergew\u00f6hnliche Leistung und Zuverl\u00e4ssigkeit entwickelt wurden.<\/p>\r\n        <\/div><\/div>\r\n    \r\n\r\n    \r\n    <div class=\"wp-block-group hostinger-ai-fade-up\"><div class=\"wp-block-group__inner-container is-layout-constrained wp-block-group-is-layout-constrained\">\r\n        <div class=\"wp-block-group alignwide hostinger-ai-fade-up is-content-justification-center is-nowrap is-layout-flex wp-container-core-group-is-layout-94bc23d7 wp-block-group-is-layout-flex\">\r\n            <figure class=\"wp-block-image size-full has-custom-border hostinger-ai-image hostinger-index-2\"><img decoding=\"async\" src=\"data:image\/gif;base64,R0lGODlhAQABAAAAACH5BAEKAAEALAAAAAABAAEAAAICTAEAOw==\" data-orig-src=\"https:\/\/images.unsplash.com\/photo-1678763309292-327fc6cca34c?q=85&amp;w=800&amp;h=400&amp;fit=crop\" alt=\"\" class=\"lazyload wp-image-503\" style=\"border-radius:8px\"><\/figure>\r\n            \r\n\r\n            \r\n            <figure class=\"wp-block-image size-full has-custom-border hostinger-ai-image hostinger-index-3\"><img decoding=\"async\" src=\"data:image\/gif;base64,R0lGODlhAQABAAAAACH5BAEKAAEALAAAAAABAAEAAAICTAEAOw==\" data-orig-src=\"https:\/\/images.unsplash.com\/photo-1676337167260-e2daf34334f2?q=85&amp;w=300&amp;h=400&amp;fit=crop\" alt=\"\" class=\"lazyload wp-image-504\" style=\"border-radius:8px\"><\/figure>\r\n            <\/div>\r\n        \r\n\r\n        \r\n        <div class=\"wp-block-group alignwide hostinger-ai-fade-up is-content-justification-center is-nowrap is-layout-flex wp-container-core-group-is-layout-1e99115d wp-block-group-is-layout-flex\" style=\"margin-bottom:var(--wp--preset--spacing--20)\">\r\n            <figure class=\"wp-block-image size-full has-custom-border hostinger-ai-image\"><img decoding=\"async\" src=\"data:image\/gif;base64,R0lGODlhAQABAAAAACH5BAEKAAEALAAAAAABAAEAAAICTAEAOw==\" data-orig-src=\"https:\/\/images.unsplash.com\/photo-1662079693426-0efa9c9621ac?q=85&amp;w=300&amp;h=400&amp;fit=crop\" alt=\"\" class=\"lazyload wp-image-504\" style=\"border-radius:8px\"><\/figure>\r\n            \r\n\r\n            \r\n            <figure class=\"wp-block-image size-full has-custom-border hostinger-ai-image hostinger-index-1\"><img decoding=\"async\" src=\"data:image\/gif;base64,R0lGODlhAQABAAAAACH5BAEKAAEALAAAAAABAAEAAAICTAEAOw==\" data-orig-src=\"https:\/\/images.unsplash.com\/photo-1676337167385-fa7a8d1eac07?q=85&amp;w=800&amp;h=400&amp;fit=crop\" alt=\"\" class=\"lazyload wp-image-503\" style=\"border-radius:8px\"><\/figure>\r\n            <\/div>\r\n        <\/div><\/div>\r\n    <\/div><\/div>\r\n<div class=\"wp-block-group alignwide hostinger-ai-fade-up\"><div class=\"wp-block-group__inner-container is-layout-constrained wp-block-group-is-layout-constrained\">\r\n    <div class=\"wp-block-group alignwide\"><div class=\"wp-block-group__inner-container is-layout-flow wp-block-group-is-layout-flow\">\r\n        <h2 class=\"wp-block-heading alignfull has-text-align-left hostinger-ai-subtitle has-dark-color has-text-color has-link-color has-x-large-font-size wp-elements-d8bb8ef4c88cbc849b045eda66942e0b\" style=\"margin-bottom:var(--wp--preset--spacing--50)\">Kunden-Feedback<\/h2>\r\n        <\/div><\/div>\r\n    \r\n\r\n    \r\n    <div class=\"wp-block-columns alignwide is-layout-flex wp-container-core-columns-is-layout-9d6595d7 wp-block-columns-is-layout-flex\">\r\n        <div class=\"wp-block-column is-layout-flow wp-block-column-is-layout-flow\" style=\"flex-basis:33.3333333%\">\r\n            <p class=\"hostinger-ai-testimonial-text hostinger-index-0 has-dark-color has-text-color has-link-color has-medium-font-size wp-elements-7720f7eabb87a24e2f6f16313ff4a40b wp-container-content-69bc4bdf\" style=\"padding-left:var(--wp--preset--spacing--20)\">\"GreatVolt Batterien sind zuverl\u00e4ssig und haben die Leistung meines Ger\u00e4ts erheblich verbessert. Sehr zu empfehlen!\"<\/p>\r\n            <\/div>\r\n        \r\n\r\n        \r\n        <div class=\"wp-block-column is-layout-flow wp-block-column-is-layout-flow\" style=\"flex-basis:33.3333333%\">\r\n            <p class=\"hostinger-ai-testimonial-text hostinger-index-1 has-dark-color has-text-color has-link-color has-medium-font-size wp-elements-0c1814acd9e98966a6e4b4ae95eb65db wp-container-content-69bc4bdf\" style=\"padding-left:var(--wp--preset--spacing--20)\">\"Ich bin zu GreatVolt gewechselt und habe einen bemerkenswerten Unterschied in der Batterielebensdauer festgestellt. Wahrlich beeindruckend!\"<\/p>\r\n            <\/div>\r\n        \r\n\r\n        \r\n        <div class=\"wp-block-column is-layout-flow wp-block-column-is-layout-flow\" style=\"flex-basis:33.3333333%\">\r\n            <p class=\"hostinger-ai-testimonial-text hostinger-index-2 has-dark-color has-text-color has-link-color has-medium-font-size wp-elements-9c98ce1ca543ffeca1ced365611638bd wp-container-content-69bc4bdf\" style=\"padding-left:var(--wp--preset--spacing--20)\">\"Die beste Batterie, die ich je benutzt habe! GreatVolt sorgt daf\u00fcr, dass meine Ger\u00e4te l\u00e4nger ohne Probleme laufen. Fantastisches Produkt!\"<\/p>\r\n            <\/div>\r\n        <\/div>\r\n    <\/div><\/div>","protected":false},"excerpt":{"rendered":"<p>Innovative Power Solutions Reliable Energy Storage At GreatVolt, we specialize in advanced battery technologies that enhance performance<\/p>","protected":false},"author":1,"featured_media":0,"parent":0,"menu_order":0,"comment_status":"closed","ping_status":"closed","template":"100-width.php","meta":{"_acf_changed":false,"content-type":"","footnotes":""},"class_list":["post-5","page","type-page","status-publish","hentry"],"acf":[],"_links":{"self":[{"href":"https:\/\/greatvolt.com\/de\/wp-json\/wp\/v2\/pages\/5","targetHints":{"allow":["GET"]}}],"collection":[{"href":"https:\/\/greatvolt.com\/de\/wp-json\/wp\/v2\/pages"}],"about":[{"href":"https:\/\/greatvolt.com\/de\/wp-json\/wp\/v2\/types\/page"}],"author":[{"embeddable":true,"href":"https:\/\/greatvolt.com\/de\/wp-json\/wp\/v2\/users\/1"}],"replies":[{"embeddable":true,"href":"https:\/\/greatvolt.com\/de\/wp-json\/wp\/v2\/comments?post=5"}],"version-history":[{"count":3,"href":"https:\/\/greatvolt.com\/de\/wp-json\/wp\/v2\/pages\/5\/revisions"}],"predecessor-version":[{"id":2775,"href":"https:\/\/greatvolt.com\/de\/wp-json\/wp\/v2\/pages\/5\/revisions\/2775"}],"wp:attachment":[{"href":"https:\/\/greatvolt.com\/de\/wp-json\/wp\/v2\/media?parent=5"}],"curies":[{"name":"wp","href":"https:\/\/api.w.org\/{rel}","templated":true}]}}